{"id":11,"date":"2020-08-03T19:54:21","date_gmt":"2020-08-03T17:54:21","guid":{"rendered":"http:\/\/cambiale.pl\/index.php\/home\/"},"modified":"2022-08-10T14:42:21","modified_gmt":"2022-08-10T12:42:21","slug":"home","status":"publish","type":"page","link":"https:\/\/cambiale.pl\/","title":{"rendered":"Home"},"content":{"rendered":"<div id=\"themify_builder_content-11\" data-postid=\"11\" class=\"themify_builder_content themify_builder_content-11 themify_builder\">\n    \t<!-- module_row -->\n\t<div   class=\"themify_builder_row module_row clearfix repeat module_row_0 themify_builder_11_row module_row_11-0 tb_qabe833\">\n\t    <div class=\"builder_row_cover\"><\/div>\t    <div class=\"row_inner col_align_top\" >\n\t\t\t<div  class=\"module_column tb-column col-full first tb_11_column module_column_0 module_column_11-0-0 tb_e31w833\">\n\t    \t    \t        <div class=\"tb-column-inner\">\n\t\t    <!-- module text -->\n<div  class=\"module module-text tb_qyee35    \">\n            <div  class=\"tb_text_wrap\">\n    <h1 style=\"text-align: center;\"><strong>BIURO RACHUNKOWE<\/strong><\/h1>    <\/div>\n<\/div>\n<!-- \/module text -->\n    <!-- module image -->\n    <div  class=\"module module-image tb_r1oh291  image-top  \">\n\t                <div class=\"image-wrap\">\n                            <img loading=\"lazy\" decoding=\"async\" width=\"1110\" height=\"295\" src=\"http:\/\/cambiale.pl\/wp-content\/uploads\/2020\/08\/Cambiale-Logo-with-no-gradient.png\" class=\" wp-post-image wp-image-88\" title=\"Cambiale Logo with no gradient\" alt=\"Cambiale Logo with no gradient\" srcset=\"https:\/\/cambiale.pl\/wp-content\/uploads\/2020\/08\/Cambiale-Logo-with-no-gradient.png 1110w, https:\/\/cambiale.pl\/wp-content\/uploads\/2020\/08\/Cambiale-Logo-with-no-gradient-300x80.png 300w, https:\/\/cambiale.pl\/wp-content\/uploads\/2020\/08\/Cambiale-Logo-with-no-gradient-1024x272.png 1024w, https:\/\/cambiale.pl\/wp-content\/uploads\/2020\/08\/Cambiale-Logo-with-no-gradient-768x204.png 768w\" sizes=\"auto, (max-width: 1110px) 100vw, 1110px\" \/>            \n                        <\/div>\n            <!-- \/image-wrap -->\n        \n        \n        <\/div>\n    <!-- \/module image -->\n<!-- module text -->\n<div  class=\"module module-text tb_buh7859    \">\n            <div  class=\"tb_text_wrap\">\n    <h1 style=\"text-align: center;\"><strong>Przemys\u0142aw M. Nowaczyk<\/strong><\/h1>    <\/div>\n<\/div>\n<!-- \/module text -->\n\t        <\/div>\n\t    \t<\/div>\n\t\t    <\/div>\n\t    <!-- \/row_inner -->\n\t<\/div>\n\t<!-- \/module_row -->\n\t\t<!-- module_row -->\n\t<div   data-anchor=\"o-firmie\" class=\"themify_builder_row module_row clearfix tb_section-o-firmie module_row_1 themify_builder_11_row module_row_11-1 tb_1z63620\">\n\t    \t    <div class=\"row_inner col_align_top\" >\n\t\t\t<div  class=\"module_column tb-column col-full first tb_11_column module_column_0 module_column_11-1-0 tb_fsu4621\" >\n\t    \t    \t        <div class=\"tb-column-inner\">\n\t\t    \t<div  class=\"themify_builder_sub_row module_subrow clearfix sub_row_1-0-0 tb_2bhq125\">\n\t    \t    <div class=\"subrow_inner col_align_top\" >\n\t\t\t<div style=\"width:38%;\" class=\"sub_column module_column col2-1 first sub_column_post_11 sub_column_1-0-0-0 tb_7ekg126\" > \n\t    \t    \t        <div class=\"tb-column-inner\">\n\t\t        <!-- module image -->\n    <div  class=\"module module-image tb_dvns328  image-top  \">\n\t                <div class=\"image-wrap\">\n                            <img loading=\"lazy\" decoding=\"async\" width=\"2560\" height=\"1799\" src=\"http:\/\/cambiale.pl\/wp-content\/uploads\/2020\/08\/kelly-sikkema-M98NRBuzbpc-unsplash-scaled.jpg\" class=\" wp-post-image wp-image-54\" title=\"kelly-sikkema-M98NRBuzbpc-unsplash\" alt=\"kelly-sikkema-M98NRBuzbpc-unsplash\" srcset=\"https:\/\/cambiale.pl\/wp-content\/uploads\/2020\/08\/kelly-sikkema-M98NRBuzbpc-unsplash-scaled.jpg 2560w, https:\/\/cambiale.pl\/wp-content\/uploads\/2020\/08\/kelly-sikkema-M98NRBuzbpc-unsplash-300x211.jpg 300w, https:\/\/cambiale.pl\/wp-content\/uploads\/2020\/08\/kelly-sikkema-M98NRBuzbpc-unsplash-1024x720.jpg 1024w, https:\/\/cambiale.pl\/wp-content\/uploads\/2020\/08\/kelly-sikkema-M98NRBuzbpc-unsplash-768x540.jpg 768w, https:\/\/cambiale.pl\/wp-content\/uploads\/2020\/08\/kelly-sikkema-M98NRBuzbpc-unsplash-1536x1080.jpg 1536w, https:\/\/cambiale.pl\/wp-content\/uploads\/2020\/08\/kelly-sikkema-M98NRBuzbpc-unsplash-2048x1440.jpg 2048w\" sizes=\"auto, (max-width: 2560px) 100vw, 2560px\" \/>            \n                        <\/div>\n            <!-- \/image-wrap -->\n        \n        \n        <\/div>\n    <!-- \/module image -->\n\t        <\/div>\n\t    \t<\/div>\n\t\t<div style=\"width:58.8%;\" class=\"sub_column module_column col2-1 last sub_column_post_11 sub_column_1-0-0-1 tb_msm5126\" > \n\t    \t    \t        <div class=\"tb-column-inner\">\n\t\t    <!-- module text -->\n<div  class=\"module module-text tb_l65x238  repeat  \">\n            <div  class=\"tb_text_wrap\">\n    <h2 style=\"text-align: left;\">O firmie<\/h2>    <\/div>\n<\/div>\n<!-- \/module text -->\n<!-- module plain text -->\n<div  class=\"module module-plain-text tb_3lgw65  \">\n        <div class=\"tb_text_wrap\" >\n\tCambiale to firma w wieloletni\u0105 tradycj\u0105 zajmuj\u0105ca ksi\u0119gowo\u015bci\u0105 na terenie Zielonej G\u00f3ry i okolic. Zajmujemy si\u0119 g\u0142\u00f3wnie KPiR, ksi\u0119gami handlowymi, kadrami, p\u0142acami oraz ZUS. Po wi\u0119cej szczeg\u00f3\u0142\u00f3w zapraszamy do kontaktu.    <\/div>\n<\/div>\n<!-- \/module plain text -->\t        <\/div>\n\t    \t<\/div>\n\t\t    <\/div>\n\t<\/div><!-- \/themify_builder_sub_row -->\n\t\t        <\/div>\n\t    \t<\/div>\n\t\t    <\/div>\n\t    <!-- \/row_inner -->\n\t<\/div>\n\t<!-- \/module_row -->\n\t\t<!-- module_row -->\n\t<div   data-anchor=\"uslugi\" class=\"themify_builder_row module_row clearfix repeat tb_section-uslugi module_row_2 themify_builder_11_row module_row_11-2 tb_frof24\">\n\t    \t    <div class=\"row_inner col_align_top\" >\n\t\t\t<div  class=\"module_column tb-column col-full first tb_11_column module_column_0 module_column_11-2-0 tb_d3qc25\" >\n\t    \t    \t        <div class=\"tb-column-inner\">\n\t\t    <!-- module text -->\n<div  class=\"module module-text tb_8oyh304    \">\n            <div  class=\"tb_text_wrap\">\n    <h2 style=\"text-align: center;\">Us\u0142ugi<\/h2>    <\/div>\n<\/div>\n<!-- \/module text -->\n\t        <\/div>\n\t    \t<\/div>\n\t\t    <\/div>\n\t    <!-- \/row_inner -->\n\t<\/div>\n\t<!-- \/module_row -->\n\t\t<!-- module_row -->\n\t<div   class=\"themify_builder_row module_row clearfix repeat module_row_3 themify_builder_11_row module_row_11-3 tb_mokz966\">\n\t    \t    <div class=\"row_inner col_align_top\" >\n\t\t\t<div  class=\"module_column tb-column col5-1 first tb_11_column module_column_0 module_column_11-3-0 tb_kh0y967\">\n\t    \t    \t        <div class=\"tb-column-inner\">\n\t\t        <!-- module feature -->\n   <div  class=\"module module-feature tb_rlmx967 with-chart layout-icon-top size-medium  \" data-lax=\"true\" data-lax-anchor=\"self\" data-lax-optimize=\"true\" data-lax-no-op=\"true\">\n        <style type=\"text\/css\"><\/style>\n        \n        <div class=\"module-feature-image\">\n            \n            \n                <div class=\"module-feature-chart-html5\"\n                                     >\n                    <div class=\"chart-html5-circle\">\n                                                <div class=\"chart-html5-inset chart-html5-inset-icon\">\n\n                                                                                            <i class=\"module-feature-icon fas fa-hand-holding-usd\" style=\"color: #949494\"><\/i>                            \n                        <\/div>\n                    <\/div>\n                <\/div>\n\n                        <\/div>\n\n        <div class=\"module-feature-content\">\n\t\t\t                                        <h3 class=\"module-feature-title\">\n                                                                                            KPiR                                                                                    <\/h3>\n                                \t    <div class=\"tb_text_wrap\">\n\t\t\t    <\/div>\n\t<\/div>\n\n    <\/div>\n    <!-- \/module feature -->\n\t        <\/div>\n\t    \t<\/div>\n\t\t<div  class=\"module_column tb-column col5-1 second tb_11_column module_column_1 module_column_11-3-1 tb_yrvq616\">\n\t    \t    \t        <div class=\"tb-column-inner\">\n\t\t        <!-- module feature -->\n   <div  class=\"module module-feature tb_ybbo33 with-chart layout-icon-top size-medium  \" data-lax=\"true\" data-lax-anchor=\"self\" data-lax-optimize=\"true\" data-lax-no-op=\"true\">\n        <style type=\"text\/css\"><\/style>\n        \n        <div class=\"module-feature-image\">\n            \n            \n                <div class=\"module-feature-chart-html5\"\n                                     >\n                    <div class=\"chart-html5-circle\">\n                                                <div class=\"chart-html5-inset chart-html5-inset-icon\">\n\n                                                                                            <i class=\"module-feature-icon fas fa-book-open\" style=\"color: #949494\"><\/i>                            \n                        <\/div>\n                    <\/div>\n                <\/div>\n\n                        <\/div>\n\n        <div class=\"module-feature-content\">\n\t\t\t                                        <h3 class=\"module-feature-title\">\n                                                                                            Ksi\u0119gi handlowe                                                                                    <\/h3>\n                                \t    <div class=\"tb_text_wrap\">\n\t\t\t    <\/div>\n\t<\/div>\n\n    <\/div>\n    <!-- \/module feature -->\n\t        <\/div>\n\t    \t<\/div>\n\t\t<div  class=\"module_column tb-column col5-1 third tb_11_column module_column_2 module_column_11-3-2 tb_c136617\">\n\t    \t    \t        <div class=\"tb-column-inner\">\n\t\t        <!-- module feature -->\n   <div  class=\"module module-feature tb_z9vv457 with-chart layout-icon-top size-medium  \" data-lax=\"true\" data-lax-anchor=\"self\" data-lax-optimize=\"true\" data-lax-no-op=\"true\">\n        <style type=\"text\/css\"><\/style>\n        \n        <div class=\"module-feature-image\">\n            \n            \n                <div class=\"module-feature-chart-html5\"\n                                     >\n                    <div class=\"chart-html5-circle\">\n                                                <div class=\"chart-html5-inset chart-html5-inset-icon\">\n\n                                                                                            <i class=\"module-feature-icon fas fa-id-badge\" style=\"color: #949494\"><\/i>                            \n                        <\/div>\n                    <\/div>\n                <\/div>\n\n                        <\/div>\n\n        <div class=\"module-feature-content\">\n\t\t\t                                        <h3 class=\"module-feature-title\">\n                                                                                            Kadry                                                                                    <\/h3>\n                                \t    <div class=\"tb_text_wrap\">\n\t\t\t    <\/div>\n\t<\/div>\n\n    <\/div>\n    <!-- \/module feature -->\n\t        <\/div>\n\t    \t<\/div>\n\t\t<div  class=\"module_column tb-column col5-1 fourth tb_11_column module_column_3 module_column_11-3-3 tb_2i41617\">\n\t    \t    \t        <div class=\"tb-column-inner\">\n\t\t        <!-- module feature -->\n   <div  class=\"module module-feature tb_471d923 with-chart layout-icon-top size-medium  \" data-lax=\"true\" data-lax-anchor=\"self\" data-lax-optimize=\"true\" data-lax-no-op=\"true\">\n        <style type=\"text\/css\"><\/style>\n        \n        <div class=\"module-feature-image\">\n            \n            \n                <div class=\"module-feature-chart-html5\"\n                                     >\n                    <div class=\"chart-html5-circle\">\n                                                <div class=\"chart-html5-inset chart-html5-inset-icon\">\n\n                                                                                            <i class=\"module-feature-icon far fa-handshake\" style=\"color: #949494\"><\/i>                            \n                        <\/div>\n                    <\/div>\n                <\/div>\n\n                        <\/div>\n\n        <div class=\"module-feature-content\">\n\t\t\t                                        <h3 class=\"module-feature-title\">\n                                                                                            P\u0142ace                                                                                    <\/h3>\n                                \t    <div class=\"tb_text_wrap\">\n\t\t\t    <\/div>\n\t<\/div>\n\n    <\/div>\n    <!-- \/module feature -->\n\t        <\/div>\n\t    \t<\/div>\n\t\t<div  class=\"module_column tb-column col5-1 last tb_11_column module_column_4 module_column_11-3-4 tb_bgup617\">\n\t    \t    \t        <div class=\"tb-column-inner\">\n\t\t        <!-- module feature -->\n   <div  class=\"module module-feature tb_p214386 with-chart layout-icon-top size-medium  \" data-lax=\"true\" data-lax-anchor=\"self\" data-lax-optimize=\"true\" data-lax-no-op=\"true\">\n        <style type=\"text\/css\"><\/style>\n        \n        <div class=\"module-feature-image\">\n            \n            \n                <div class=\"module-feature-chart-html5\"\n                                     >\n                    <div class=\"chart-html5-circle\">\n                                                <div class=\"chart-html5-inset chart-html5-inset-icon\">\n\n                                                                                            <i class=\"module-feature-icon fas fa-user-shield\" style=\"color: #949494\"><\/i>                            \n                        <\/div>\n                    <\/div>\n                <\/div>\n\n                        <\/div>\n\n        <div class=\"module-feature-content\">\n\t\t\t                                        <h3 class=\"module-feature-title\">\n                                                                                            ZUS                                                                                    <\/h3>\n                                \t    <div class=\"tb_text_wrap\">\n\t\t\t    <\/div>\n\t<\/div>\n\n    <\/div>\n    <!-- \/module feature -->\n\t        <\/div>\n\t    \t<\/div>\n\t\t    <\/div>\n\t    <!-- \/row_inner -->\n\t<\/div>\n\t<!-- \/module_row -->\n\t\t<!-- module_row -->\n\t<div   data-anchor=\"kontakt\" class=\"themify_builder_row module_row clearfix tb_section-kontakt module_row_4 themify_builder_11_row module_row_11-4 tb_9rj7268\">\n\t    \t    <div class=\"row_inner col_align_top\" >\n\t\t\t<div  class=\"module_column tb-column col-full first tb_11_column module_column_0 module_column_11-4-0 tb_xk8l268\">\n\t    \t    \t        <div class=\"tb-column-inner\">\n\t\t    \t<div  class=\"themify_builder_sub_row module_subrow clearfix sub_row_4-0-0 tb_bw6q149\">\n\t    \t    <div class=\"subrow_inner col_align_top\" >\n\t\t\t<div  class=\"sub_column module_column col-full first sub_column_post_11 sub_column_4-0-0-0 tb_e05k149\" > \n\t    \t    \t        <div class=\"tb-column-inner\">\n\t\t    <!-- module text -->\n<div  class=\"module module-text tb_cooq724    \">\n            <div  class=\"tb_text_wrap\">\n    <h2 style=\"text-align: center;\">Kontakt<\/h2>    <\/div>\n<\/div>\n<!-- \/module text -->\n\t        <\/div>\n\t    \t<\/div>\n\t\t    <\/div>\n\t<\/div><!-- \/themify_builder_sub_row -->\n\t\t        <\/div>\n\t    \t<\/div>\n\t\t    <\/div>\n\t    <!-- \/row_inner -->\n\t<\/div>\n\t<!-- \/module_row -->\n\t\t<!-- module_row -->\n\t<div   class=\"themify_builder_row module_row clearfix module_row_5 themify_builder_11_row module_row_11-5 tb_3agb183 hide-mobile\">\n\t    \t    <div class=\"row_inner col_align_top\"   data-basecol=\"3\" data-col_mobile=\"column3-1\">\n\t\t\t<div  class=\"module_column tb-column col3-1 first tb_11_column module_column_0 module_column_11-5-0 tb_aupm183\" style=\"width: 36.4%\" >\n\t    \t    \t        <div class=\"tb-column-inner\">\n\t\t        <!-- module icon -->\n    <div  class=\"module module-icon tb_x242473  normal circle icon_horizontal icon_position_left  hide-mobile\">\n\t        \t<div class=\"module-icon\">\n                            <div class=\"module-icon-item\">\n                                                                        <i class=\"ti-map ui tb_default_color\"><\/i>\n                                                                            <span>Zatonie - D\u0119bowa 1, 66-004 Zielona G\u00f3ra<\/span>\n                                                                <\/div>\n                    <\/div>\n    <\/div>\n    <!-- \/module icon -->\n\t        <\/div>\n\t    \t<\/div>\n\t\t<div  class=\"module_column tb-column col3-1 middle tb_11_column module_column_1 module_column_11-5-1 tb_ro0b99\" style=\"width: 29.2%\">\n\t    \t    \t        <div class=\"tb-column-inner\">\n\t\t        <!-- module icon -->\n    <div  class=\"module module-icon tb_ve4m363  normal circle icon_horizontal icon_position_left \">\n\t        \t<div class=\"module-icon\">\n                            <div class=\"module-icon-item\">\n                                                                        <i class=\"ti-email ui green\"><\/i>\n                                                                            <span>brcambiale@gmail.com<\/span>\n                                                                <\/div>\n                    <\/div>\n    <\/div>\n    <!-- \/module icon -->\n\t        <\/div>\n\t    \t<\/div>\n\t\t<div  class=\"module_column tb-column col3-1 last tb_11_column module_column_2 module_column_11-5-2 tb_nbf299\" style=\"width: 28%\">\n\t    \t    \t        <div class=\"tb-column-inner\">\n\t\t        <!-- module icon -->\n    <div  class=\"module module-icon tb_z3im716  normal circle icon_horizontal icon_position_left \">\n\t        \t<div class=\"module-icon\">\n                            <div class=\"module-icon-item\">\n                                                                        <i class=\"fas fa-phone ui orange\"><\/i>\n                                                                            <span>693 823 910<\/span>\n                                                                <\/div>\n                    <\/div>\n    <\/div>\n    <!-- \/module icon -->\n\t        <\/div>\n\t    \t<\/div>\n\t\t    <\/div>\n\t    <!-- \/row_inner -->\n\t<\/div>\n\t<!-- \/module_row -->\n\t\t<!-- module_row -->\n\t<div   class=\"themify_builder_row module_row clearfix module_row_6 themify_builder_11_row module_row_11-6 tb_km9711 hide-desktop hide-tablet hide-tablet_landscape\">\n\t    \t    <div class=\"row_inner col_align_top\"   data-basecol=\"3\" data-col_mobile=\"column3-1\">\n\t\t\t<div  class=\"module_column tb-column col3-1 first tb_11_column module_column_0 module_column_11-6-0 tb_6ej812\" style=\"width: 36.4%\" >\n\t    \t    \t        <div class=\"tb-column-inner\">\n\t\t        <!-- module icon -->\n    <div  class=\"module module-icon tb_wug812  normal circle icon_vertical icon_position_center \">\n\t        \t<div class=\"module-icon\">\n                            <div class=\"module-icon-item\">\n                                                                        <i class=\"ti-map ui tb_default_color\"><\/i>\n                                                                            <span>Zatonie - D\u0119bowa 1, 66-004 Zielona G\u00f3ra<\/span>\n                                                                <\/div>\n                    <\/div>\n    <\/div>\n    <!-- \/module icon -->\n\t        <\/div>\n\t    \t<\/div>\n\t\t<div  class=\"module_column tb-column col3-1 middle tb_11_column module_column_1 module_column_11-6-1 tb_q5z512\" style=\"width: 29.2%\">\n\t    \t    \t        <div class=\"tb-column-inner\">\n\t\t        <!-- module icon -->\n    <div  class=\"module module-icon tb_2m1d12  normal circle icon_vertical icon_position_center \">\n\t        \t<div class=\"module-icon\">\n                            <div class=\"module-icon-item\">\n                                                                        <i class=\"ti-email ui green\"><\/i>\n                                                                            <span>brcambiale@gmail.com<\/span>\n                                                                <\/div>\n                    <\/div>\n    <\/div>\n    <!-- \/module icon -->\n\t        <\/div>\n\t    \t<\/div>\n\t\t<div  class=\"module_column tb-column col3-1 last tb_11_column module_column_2 module_column_11-6-2 tb_qkyt12\" style=\"width: 28%\">\n\t    \t    \t        <div class=\"tb-column-inner\">\n\t\t        <!-- module icon -->\n    <div  class=\"module module-icon tb_oee413  normal circle icon_vertical icon_position_center \">\n\t        \t<div class=\"module-icon\">\n                            <div class=\"module-icon-item\">\n                                                                        <i class=\"fas fa-phone ui orange\"><\/i>\n                                                                            <span>693 823 910<\/span>\n                                                                <\/div>\n                    <\/div>\n    <\/div>\n    <!-- \/module icon -->\n\t        <\/div>\n\t    \t<\/div>\n\t\t    <\/div>\n\t    <!-- \/row_inner -->\n\t<\/div>\n\t<!-- \/module_row -->\n\t<\/div>\n\n\n\n\n<p><\/p>\n","protected":false},"excerpt":{"rendered":"<p>BIURO RACHUNKOWE Przemys\u0142aw M. Nowaczyk O firmie Cambiale to firma w wieloletni\u0105 tradycj\u0105 zajmuj\u0105ca ksi\u0119gowo\u015bci\u0105 na terenie Zielonej G\u00f3ry i okolic. Zajmujemy si\u0119 g\u0142\u00f3wnie KPiR, ksi\u0119gami handlowymi, kadrami, p\u0142acami oraz ZUS. Po wi\u0119cej szczeg\u00f3\u0142\u00f3w zapraszamy do kontaktu. Us\u0142ugi KPiR Ksi\u0119gi handlowe Kadry P\u0142ace ZUS Kontakt Zatonie &#8211; D\u0119bowa 1, 66-004 Zielona G\u00f3ra brcambiale@gmail.com 693 823 [&hellip;]<\/p>\n","protected":false},"author":1,"featured_media":0,"parent":0,"menu_order":0,"comment_status":"closed","ping_status":"closed","template":"","meta":{"footnotes":""},"class_list":["post-11","page","type-page","status-publish","hentry","has-post-title","has-post-date","has-post-category","has-post-tag","has-post-comment","has-post-author",""],"builder_content":"<h1 style=\"text-align: center;\"><strong>BIURO RACHUNKOWE<\/strong><\/h1>\n<img loading=\"lazy\" decoding=\"async\" width=\"1110\" height=\"295\" src=\"http:\/\/cambiale.pl\/wp-content\/uploads\/2020\/08\/Cambiale-Logo-with-no-gradient.png\" title=\"Cambiale Logo with no gradient\" alt=\"Cambiale Logo with no gradient\" srcset=\"https:\/\/cambiale.pl\/wp-content\/uploads\/2020\/08\/Cambiale-Logo-with-no-gradient.png 1110w, https:\/\/cambiale.pl\/wp-content\/uploads\/2020\/08\/Cambiale-Logo-with-no-gradient-300x80.png 300w, https:\/\/cambiale.pl\/wp-content\/uploads\/2020\/08\/Cambiale-Logo-with-no-gradient-1024x272.png 1024w, https:\/\/cambiale.pl\/wp-content\/uploads\/2020\/08\/Cambiale-Logo-with-no-gradient-768x204.png 768w\" sizes=\"auto, (max-width: 1110px) 100vw, 1110px\" \/>\n<h1 style=\"text-align: center;\"><strong>Przemys\u0142aw M. Nowaczyk<\/strong><\/h1>\n<img loading=\"lazy\" decoding=\"async\" width=\"2560\" height=\"1799\" src=\"http:\/\/cambiale.pl\/wp-content\/uploads\/2020\/08\/kelly-sikkema-M98NRBuzbpc-unsplash-scaled.jpg\" title=\"kelly-sikkema-M98NRBuzbpc-unsplash\" alt=\"kelly-sikkema-M98NRBuzbpc-unsplash\" srcset=\"https:\/\/cambiale.pl\/wp-content\/uploads\/2020\/08\/kelly-sikkema-M98NRBuzbpc-unsplash-scaled.jpg 2560w, https:\/\/cambiale.pl\/wp-content\/uploads\/2020\/08\/kelly-sikkema-M98NRBuzbpc-unsplash-300x211.jpg 300w, https:\/\/cambiale.pl\/wp-content\/uploads\/2020\/08\/kelly-sikkema-M98NRBuzbpc-unsplash-1024x720.jpg 1024w, https:\/\/cambiale.pl\/wp-content\/uploads\/2020\/08\/kelly-sikkema-M98NRBuzbpc-unsplash-768x540.jpg 768w, https:\/\/cambiale.pl\/wp-content\/uploads\/2020\/08\/kelly-sikkema-M98NRBuzbpc-unsplash-1536x1080.jpg 1536w, https:\/\/cambiale.pl\/wp-content\/uploads\/2020\/08\/kelly-sikkema-M98NRBuzbpc-unsplash-2048x1440.jpg 2048w\" sizes=\"auto, (max-width: 2560px) 100vw, 2560px\" \/>\n<h2 style=\"text-align: left;\">O firmie<\/h2>\nCambiale to firma w wieloletni\u0105 tradycj\u0105 zajmuj\u0105ca ksi\u0119gowo\u015bci\u0105 na terenie Zielonej G\u00f3ry i okolic. Zajmujemy si\u0119 g\u0142\u00f3wnie KPiR, ksi\u0119gami handlowymi, kadrami, p\u0142acami oraz ZUS. Po wi\u0119cej szczeg\u00f3\u0142\u00f3w zapraszamy do kontaktu.\n<h2 style=\"text-align: center;\">Us\u0142ugi<\/h2>\n<h3> KPiR <\/h3>\n<h3> Ksi\u0119gi handlowe <\/h3>\n<h3> Kadry <\/h3>\n<h3> P\u0142ace <\/h3>\n<h3> ZUS <\/h3>\n<h2 style=\"text-align: center;\">Kontakt<\/h2>\nZatonie - D\u0119bowa 1, 66-004 Zielona G\u00f3ra\nbrcambiale@gmail.com\n693 823 910\nZatonie - D\u0119bowa 1, 66-004 Zielona G\u00f3ra\nbrcambiale@gmail.com\n693 823 910","_links":{"self":[{"href":"https:\/\/cambiale.pl\/index.php\/wp-json\/wp\/v2\/pages\/11","targetHints":{"allow":["GET"]}}],"collection":[{"href":"https:\/\/cambiale.pl\/index.php\/wp-json\/wp\/v2\/pages"}],"about":[{"href":"https:\/\/cambiale.pl\/index.php\/wp-json\/wp\/v2\/types\/page"}],"author":[{"embeddable":true,"href":"https:\/\/cambiale.pl\/index.php\/wp-json\/wp\/v2\/users\/1"}],"replies":[{"embeddable":true,"href":"https:\/\/cambiale.pl\/index.php\/wp-json\/wp\/v2\/comments?post=11"}],"version-history":[{"count":52,"href":"https:\/\/cambiale.pl\/index.php\/wp-json\/wp\/v2\/pages\/11\/revisions"}],"predecessor-version":[{"id":110,"href":"https:\/\/cambiale.pl\/index.php\/wp-json\/wp\/v2\/pages\/11\/revisions\/110"}],"wp:attachment":[{"href":"https:\/\/cambiale.pl\/index.php\/wp-json\/wp\/v2\/media?parent=11"}],"curies":[{"name":"wp","href":"https:\/\/api.w.org\/{rel}","templated":true}]}}